{"id":16,"date":"2023-05-03T09:27:06","date_gmt":"2023-05-03T12:27:06","guid":{"rendered":"https:\/\/arquired.com.ar\/?page_id=16"},"modified":"2023-06-12T19:58:08","modified_gmt":"2023-06-12T22:58:08","slug":"acerca-de-nosotros","status":"publish","type":"page","link":"https:\/\/arquired.com.ar\/index.php\/acerca-de-nosotros\/","title":{"rendered":"Acerca de nosotros"},"content":{"rendered":"<p>[et_pb_section fb_built=\u00bb1&#8243; _builder_version=\u00bb4.16&#8243; _module_preset=\u00bbdefault\u00bb background_image=\u00bbhttps:\/\/arquired.com.ar\/wp-content\/uploads\/2023\/05\/Top-BG-AB05.jpg\u00bb parallax=\u00bbon\u00bb global_colors_info=\u00bb{}\u00bb][et_pb_row column_structure=\u00bb1_2,1_2&#8243; _builder_version=\u00bb4.16&#8243; _module_preset=\u00bbdefault\u00bb global_colors_info=\u00bb{}\u00bb][et_pb_column type=\u00bb1_2&#8243; _builder_version=\u00bb4.16&#8243; _module_preset=\u00bbdefault\u00bb global_colors_info=\u00bb{}\u00bb][et_pb_image src=\u00bbhttps:\/\/arquired.com.ar\/wp-content\/uploads\/2023\/05\/Left-AB05.jpg\u00bb title_text=\u00bbLeft-AB05&#8243; _builder_version=\u00bb4.16&#8243; _module_preset=\u00bbdefault\u00bb animation_style=\u00bbfold\u00bb global_colors_info=\u00bb{}\u00bb transform_styles__hover_enabled=\u00bbon|hover\u00bb transform_scale__hover_enabled=\u00bbon|hover\u00bb transform_translate__hover_enabled=\u00bbon|desktop\u00bb transform_rotate__hover_enabled=\u00bbon|desktop\u00bb transform_skew__hover_enabled=\u00bbon|desktop\u00bb transform_origin__hover_enabled=\u00bbon|desktop\u00bb transform_scale__hover=\u00bb95%|95%\u00bb][\/et_pb_image][\/et_pb_column][et_pb_column type=\u00bb1_2&#8243; _builder_version=\u00bb4.16&#8243; _module_preset=\u00bbdefault\u00bb global_colors_info=\u00bb{}\u00bb][et_pb_text _builder_version=\u00bb4.21.0&#8243; _module_preset=\u00bbdefault\u00bb custom_margin=\u00bb54px|||||\u00bb hover_enabled=\u00bb0&#8243; global_colors_info=\u00bb{}\u00bb sticky_enabled=\u00bb0&#8243;]<\/p>\n<h3>Algo de Nosotros<\/h3>\n<p><strong>Arquired<\/strong> es un estudio de Arquitectura, Ingenier\u00eda\u00a0 y Construcci\u00f3n con amplia y dedicada trayectoria en proyectos de alta y mediana\u00a0 escala. En la gesti\u00f3n integra y dirige grandes equipos\u00a0 de trabajo desde el gerenciamiento logrando el control, planificaci\u00f3n y desarrollo total de las obras.<\/p>\n<h3 style=\"text-align: right;\">Nuestra Historia<\/h3>\n<p style=\"text-align: right;\">Nuestra historia nos remite a Italia puntualmente Cento &#8211; Ferrara donde nuestros ancestros fueron eximios constructores de la Region Emilia Romagna. Con esa energ\u00eda y compromiso <strong>Arquired<\/strong> desarrolla soluciones\u00a0 en arquitectura, ingenier\u00eda , construcci\u00f3n y seguridad.<\/p>\n<p style=\"text-align: right;\">Desde sus inicios y por raz\u00f3n de origenes creer, crear y crecer en forma competitiva y atendiendo a sistemas inteligentes de vanguardia es fuerza impulso para <strong>Arquired<\/strong>.<\/p>\n<p style=\"text-align: right;\">[\/et_pb_text][et_pb_tabs active_tab_background_color=\u00bb#f3f3f1&#8243; inactive_tab_background_color=\u00bb#454547&#8243; active_tab_text_color=\u00bb#454547&#8243; _builder_version=\u00bb4.21.0&#8243; _module_preset=\u00bbdefault\u00bb tab_text_color=\u00bb#FFFFFF\u00bb background_color=\u00bb#f3f3f1&#8243; border_color_all=\u00bb#f3f3f1&#8243; box_shadow_style=\u00bbpreset3&#8243; global_colors_info=\u00bb{}\u00bb][et_pb_tab title=\u00bbMISI\u00d3N\u00bb _builder_version=\u00bb4.16&#8243; _module_preset=\u00bbdefault\u00bb global_colors_info=\u00bb{}\u00bb]<\/p>\n<p>Tratar a cada proyecto como si fuese el \u00fanico, el primero y el m\u00e1s importante. Construir una cadena de v\u00ednculos con nuestros clientes convirtiendolos en los verdaderos precursores de la obra.<\/p>\n<p>[\/et_pb_tab][et_pb_tab title=\u00bbVISI\u00d3N\u00bb _builder_version=\u00bb4.21.0&#8243; _module_preset=\u00bbdefault\u00bb global_colors_info=\u00bb{}\u00bb]<\/p>\n<p>La expansi\u00f3n en el mercado local e internacional. Integrar la m\u00e1s avanzada tecnolog\u00eda a nuestros modelos de gesti\u00f3n. Crear nuevas \u00e1reas de servicio en donde el factor innovaci\u00f3n y estilo sea la premisa que impulse la acci\u00f3n por resultado.<\/p>\n<p>[\/et_pb_tab][et_pb_tab title=\u00bbVALORES\u00bb _builder_version=\u00bb4.21.0&#8243; _module_preset=\u00bbdefault\u00bb global_colors_info=\u00bb{}\u00bb]<\/p>\n<p>Desde los inicios tuvimos el objetivo de brindar un fuerte servicio profesional que respondiera a las necesidades de personas y no solo de empresas. Invertimos esfuerzo y tiempo en capacitar nuestras fortalezas porque deseamos ser un verdadero respaldo eficiente. Nos importa la ecolog\u00eda, por ello apostamos a los usos sustentables, seguridad, ahorro de energ\u00eda y automatizaci\u00f3n inteligente.<\/p>\n<p>[\/et_pb_tab][\/et_pb_tabs][\/et_pb_column][\/et_pb_row][\/et_pb_section]<\/p>\n","protected":false},"excerpt":{"rendered":"<p>Algo de Nosotros Arquired es un estudio de Arquitectura, Ingenier\u00eda\u00a0 y Construcci\u00f3n con amplia y dedicada trayectoria en proyectos de alta y mediana\u00a0 escala. En la gesti\u00f3n integra y dirige grandes equipos\u00a0 de trabajo desde el gerenciamiento logrando el control, planificaci\u00f3n y desarrollo total de las obras. Nuestra Historia Nuestra historia nos remite a Italia puntualmente Cento &#8211; Ferrara donde nuestros ancestros fueron eximios constructores de la Region Emilia Romagna. Con esa energ\u00eda y compromiso Arquired desarrolla soluciones\u00a0 en arquitectura, ingenier\u00eda , construcci\u00f3n y seguridad. Desde sus inicios y por raz\u00f3n de origenes creer, crear y crecer en forma competitiva y atendiendo a sistemas inteligentes de vanguardia es fuerza impulso para Arquired. Tratar a cada proyecto como si fuese el \u00fanico, el primero y el m\u00e1s importante. Construir una cadena de v\u00ednculos con nuestros clientes convirtiendolos en los verdaderos precursores de la obra.La expansi\u00f3n en el mercado local e internacional. Integrar la m\u00e1s avanzada tecnolog\u00eda a nuestros modelos de gesti\u00f3n. Crear nuevas \u00e1reas de servicio en donde el factor innovaci\u00f3n y estilo sea la premisa que impulse la acci\u00f3n por resultado.Desde los inicios tuvimos el objetivo de brindar un fuerte servicio profesional que respondiera a las necesidades de personas y [&hellip;]<\/p>\n","protected":false},"author":1,"featured_media":0,"parent":0,"menu_order":0,"comment_status":"closed","ping_status":"closed","template":"","meta":{"_et_pb_use_builder":"on","_et_pb_old_content":"","_et_gb_content_width":"","footnotes":""},"class_list":["post-16","page","type-page","status-publish","hentry"],"_links":{"self":[{"href":"https:\/\/arquired.com.ar\/index.php\/wp-json\/wp\/v2\/pages\/16","targetHints":{"allow":["GET"]}}],"collection":[{"href":"https:\/\/arquired.com.ar\/index.php\/wp-json\/wp\/v2\/pages"}],"about":[{"href":"https:\/\/arquired.com.ar\/index.php\/wp-json\/wp\/v2\/types\/page"}],"author":[{"embeddable":true,"href":"https:\/\/arquired.com.ar\/index.php\/wp-json\/wp\/v2\/users\/1"}],"replies":[{"embeddable":true,"href":"https:\/\/arquired.com.ar\/index.php\/wp-json\/wp\/v2\/comments?post=16"}],"version-history":[{"count":4,"href":"https:\/\/arquired.com.ar\/index.php\/wp-json\/wp\/v2\/pages\/16\/revisions"}],"predecessor-version":[{"id":26451,"href":"https:\/\/arquired.com.ar\/index.php\/wp-json\/wp\/v2\/pages\/16\/revisions\/26451"}],"wp:attachment":[{"href":"https:\/\/arquired.com.ar\/index.php\/wp-json\/wp\/v2\/media?parent=16"}],"curies":[{"name":"wp","href":"https:\/\/api.w.org\/{rel}","templated":true}]}}